{"id":5800,"date":"2025-09-23T17:04:24","date_gmt":"2025-09-23T15:04:24","guid":{"rendered":"https:\/\/consmetz.esteri.it\/?page_id=5800"},"modified":"2025-09-25T09:18:28","modified_gmt":"2025-09-25T07:18:28","slug":"corrispondenti-consolari-e-associazioni-elenco","status":"publish","type":"page","link":"https:\/\/consmetz.esteri.it\/it\/servizi-consolari-e-visti\/servizi-per-il-cittadino-italiano\/altri-servizi\/corrispondenti-consolari\/corrispondenti-consolari-e-associazioni-elenco\/","title":{"rendered":"Corrispondenti Consolari e Associazioni &#8211; Elenco"},"content":{"rendered":"<h3>Corrispondenti Consolari &#8211; Elenco<\/h3>\n<p>&nbsp;<\/p>\n<table style=\"border-collapse: collapse; width: 100%;\" border=\"1\" cellspacing=\"0\" cellpadding=\"6\">\n<thead style=\"background: #f2f2f2;\">\n<tr>\n<th>CORRISPONDENTE CONSOLARE<\/th>\n<th>RESPONSABILE<\/th>\n<th>INDIRIZZO<\/th>\n<th>CONTATTI<\/th>\n<th>NOTE \/ PERMANENZE<\/th>\n<\/tr>\n<\/thead>\n<tbody>\n<tr>\n<td>Colmar, Ribeauvill\u00e9<br \/>\ne dintorni<\/td>\n<td>Francesca Castronovo<\/td>\n<td>50, rue de la Semm &#8211; 68000 Colmar<\/td>\n<td>Email: <a href=\"mailto:castronovofranca@yahoo.fr\">castronovofranca@yahoo.fr<\/a><br \/>\nTel: 06 88 43 22 83<\/td>\n<td>&#8211;<\/td>\n<\/tr>\n<tr>\n<td>Marne<\/td>\n<td>No\u00eblle Cerruti Lesgourgues<\/td>\n<td>19, Rue de la Verrerie \u2013 51530 Magenta<\/td>\n<td>Email: <a href=\"mailto:noelle.cerruti@gmail.com\">noelle.cerruti@gmail.com<\/a><br \/>\nTel: 06 78 50 79 79<\/td>\n<td>Permanenza: presso 19, Rue de la Verrerie \u2013 Magenta<\/td>\n<\/tr>\n<tr>\n<td>Creutzwald<\/td>\n<td>Palmiro Colantuono<\/td>\n<td>10, rue des Bouvreuils &#8211; 57150 Creutzwald<\/td>\n<td>Email: <a href=\"mailto:vincent57150@gmail.com\">vincent57150@gmail.com<\/a><br \/>\nTel: 03 87 93 62 19 \/ 07 51 60 90 13<\/td>\n<td>Permanenza: ogni marted\u00ec 14-17.30 presso Antenne de Justice, 12 rue Cochois \u2013 Creutzwald<br \/>\nZona: Creutzwald, Bouzonville, Boulay, Saint-Avold, Faulquemont e dintorni<\/td>\n<\/tr>\n<tr>\n<td>Guebwiller e dintorni<\/td>\n<td>Vito Rocco Colicchio<\/td>\n<td>31, rue de Feldkirch \u2013 68540 Bollwiller<\/td>\n<td>Email: <a href=\"mailto:vcolicchio@orange.fr\">vcolicchio@orange.fr<\/a><br \/>\nTel: 06 80 30 77 12<\/td>\n<td>&#8211;<\/td>\n<\/tr>\n<tr>\n<td>Aube<\/td>\n<td>Antonio Damiano<\/td>\n<td>14, Rue Alfred Ploy\u00e9 &#8211; 10000 Troyes<\/td>\n<td>Email: <a href=\"mailto:a.damiano@yahoo.fr\">a.damiano@yahoo.fr<\/a><br \/>\nTel: 03 25 80 38 28 \/ 06 75 48 48 59<\/td>\n<td>Permanenze consolari: Lun\u2013Ven 9-12 \/ 16-18 (presso domicilio)<\/td>\n<\/tr>\n<tr>\n<td>Hayange e dintorni<\/td>\n<td>Nicolino Gisondi (nominato nel 2005)<\/td>\n<td>40, rue de la For\u00eat &#8211; 57700 Hayange Konacker<\/td>\n<td>Email: <a href=\"mailto:nicolas.gisondi@orange.fr\">nicolas.gisondi@orange.fr<\/a><br \/>\nTel: 03 82 84 33 93 \/ 06 70 05 75 96<\/td>\n<td>Per informazioni sulle permanenze contattare direttamente il Cav. Gisondi<\/td>\n<\/tr>\n<tr>\n<td>Meurthe e Mosella (Nancy e dintorni)<\/td>\n<td>Nicolo\u2019 Lanteri (nominato nel 2005)<\/td>\n<td>6, rue Cyffl\u00e9 \u2013 Le Trident \u2013 App.n\u00b021, 54000 Nancy<\/td>\n<td>Email: <a href=\"mailto:nicolo.lanteri7@gmail.com\">nicolo.lanteri7@gmail.com<\/a><br \/>\nTel: 06 75 19 48 04<\/td>\n<td>Permanenze: Nancy e Pont \u00e0 Mousson su appuntamento<\/td>\n<\/tr>\n<tr>\n<td>Le Ardenne<\/td>\n<td>Salvatore Maggio (nominato 08\/03\/2017)<\/td>\n<td>72, avenue Roger Posty, 08320 Vireux Molhain<\/td>\n<td>Email: <a href=\"mailto:salvator.maggio@orange.fr\">salvator.maggio@orange.fr<\/a><br \/>\nTel: 03 24 41 67 64<\/td>\n<td>Permanenze: Marted\u00ec e Venerd\u00ec dalle 15 alle 17 o su appuntamento telefonico<\/td>\n<\/tr>\n<tr>\n<td>Basso Reno (Strasburgo)<\/td>\n<td>Angelo Maria Pi\u00f9<\/td>\n<td>1, Rue S\u00e9dillot &#8211; 67000 Strasbourg<\/td>\n<td>Tel: 03 88 37 03 35 \/ Fax: 03 88 37 03 35<\/td>\n<td>Permanenze: Mercoled\u00ec 17:30\u201319, Sabato 9\u201312<\/td>\n<\/tr>\n<tr>\n<td>Haute Marne (Saint Dizier)<\/td>\n<td>Gina Vivan D\u2019Acqui (nominata nel 2000)<\/td>\n<td>R\u00e9sidence Ambroise Croisat \u2013 App.8, 2, rue des Tours, 52100 Saint Dizier<\/td>\n<td>Email: <a href=\"mailto:gina.vivandacqui@yahoo.fr\">gina.vivandacqui@yahoo.fr<\/a><br \/>\nTel: 06 02 39 18 13<\/td>\n<td>Permanenze: tutti i giorni, previo appuntamento telefonico<\/td>\n<\/tr>\n<\/tbody>\n<\/table>\n<p>&nbsp;<\/p>\n<h3>Associazioni &#8211; Elenco<\/h3>\n<table style=\"border-collapse: collapse; width: 100%;\" border=\"1\" cellspacing=\"0\" cellpadding=\"6\">\n<thead style=\"background: #f2f2f2;\">\n<tr>\n<th>ASSOCIAZIONE<\/th>\n<th>PRESIDENTE \/ RESPONSABILE<\/th>\n<th>INDIRIZZO<\/th>\n<th>CONTATTI<\/th>\n<th>SITO \/ SOCIAL<\/th>\n<\/tr>\n<\/thead>\n<tbody>\n<tr>\n<td>A.P.S.I.S. Strasbourg<\/td>\n<td>Sandrine Alberelli<\/td>\n<td>Courrier postal: Elisa BATY, 48b route de Bischwiller &#8211; 67300 Schiltigheim<\/td>\n<td>Email: <a href=\"mailto:apsis.strasbourg@gmail.com\">apsis.strasbourg@gmail.com<\/a><br \/>\nTel: 06 06 62 91 20 \/ +39 366 120 5966<\/td>\n<td><a href=\"http:\/\/apsis-strasbourg-ecole-it.weebly.com\" target=\"_blank\" rel=\"noopener\">Sito Web<\/a><br \/>\n<a href=\"https:\/\/www.facebook.com\/pages\/apsis-strasbourg\" target=\"_blank\" rel=\"noopener\">Facebook<\/a><\/td>\n<\/tr>\n<tr>\n<td>Associazione Europea 2000<\/td>\n<td>Joseph Annese<\/td>\n<td>8, rue du 4 Septembre &#8211; 57510 Puttelange aux Lacs<\/td>\n<td>Email: <a href=\"mailto:joseph.annese@sfr.fr\">joseph.annese@sfr.fr<\/a><br \/>\nTel: 03 87 09 65 69 \/ 06 87 23 95 03<\/td>\n<td>&#8211;<\/td>\n<\/tr>\n<tr>\n<td>Circolo ACLI di Metz<\/td>\n<td>Pierre Baldino<\/td>\n<td>Sede: 5, rue Lafayette \u2013 57000 Metz<br \/>\nIndirizzo privato: 259\/b avenue Jeanne d\u2019Arc \u2013 57290 Fameck<\/td>\n<td>Email: <a href=\"mailto:baldino.pierre@wanadoo.fr\">baldino.pierre@wanadoo.fr<\/a><br \/>\nTel: 03 87 65 45 19<\/td>\n<td>&#8211;<\/td>\n<\/tr>\n<tr>\n<td>Associazione \u201cBell\u2019Italia\u201d<\/td>\n<td>Sandrine Barbosa<\/td>\n<td>1, rue du Capitaine Caillon &#8211; Mairie &#8211; Bo\u00eete n\u00b01 \u2013 54230 Neuves-Maisons<\/td>\n<td>Email: <a href=\"mailto:sandrinebarbosa@sfr.fr\">sandrinebarbosa@sfr.fr<\/a> \/ <a href=\"mailto:contact@bellitalia.fr\">contact@bellitalia.fr<\/a><br \/>\nTel: 06 09 77 60 11<\/td>\n<td><a href=\"http:\/\/www.bellitalia.fr\" target=\"_blank\" rel=\"noopener\">Sito Web<\/a><br \/>\n<a href=\"https:\/\/www.facebook.com\/bellitalianeuvesmaisons\/?locale=fr_FR\" target=\"_blank\" rel=\"noopener\">Facebook<\/a><\/td>\n<\/tr>\n<tr>\n<td>Associazione Familiare Italiana<\/td>\n<td>Robert Baroni<\/td>\n<td>68 rue Fran\u00e7ois de Wendel &#8211; 57290 Fameck<br \/>\nSede: 2\/D, avenue de Gascogne &#8211; 57290 Fameck<\/td>\n<td>Email: <a href=\"mailto:afi.assoc@orange.fr\">afi.assoc@orange.fr<\/a><br \/>\nTel: 06 63 87 21 19 \/ 03 82 52 80 85<\/td>\n<td>&#8211;<\/td>\n<\/tr>\n<tr>\n<td>A.F.F.I. (Association Familiale Franco Italienne)<\/td>\n<td>Ippolite Bernini<\/td>\n<td>7, Rue Emile Zola &#8211; 57710 Aumetz<br \/>\nSede: 5, Rue des Argonnes &#8211; 57710 Aumetz<\/td>\n<td>Email: <a href=\"mailto:hipollyte.bernini@orange.fr\">hipollyte.bernini@orange.fr<\/a><br \/>\nTel: 03 82 91 92 63<\/td>\n<td>&#8211;<\/td>\n<\/tr>\n<tr>\n<td>Dante Alighieri Mulhouse<\/td>\n<td>Carole Berroir<\/td>\n<td>6, rue d\u2019Anvers &#8211; 68100 Mulhouse<\/td>\n<td>Email: <a href=\"mailto:contact@danta68.com\">contact@danta68.com<\/a><br \/>\nTel: 03 89 45 70 59 \/ 06 18 54 67 49<\/td>\n<td><a href=\"https:\/\/danta68.wordpress.com\/\" target=\"_blank\" rel=\"noopener\">Sito Web<\/a><\/td>\n<\/tr>\n<tr>\n<td>Les Enfants de Gonzague<\/td>\n<td>Emmanuelle Berthaud<\/td>\n<td>50, rue du Moulin &#8211; 08000 Charleville-M\u00e9zi\u00e8res<\/td>\n<td>Email: <a href=\"mailto:figlidelgonzaga.cmz@gmail.com\">figlidelgonzaga.cmz@gmail.com<\/a><br \/>\nTel: 06 85 65 93 39<\/td>\n<td>&#8211;<\/td>\n<\/tr>\n<tr>\n<td>Associazione Calabrese \u201cCultura Italiana Immigrati in Europa\u201d<\/td>\n<td>Salvatore Bertucci<\/td>\n<td>3, Impasse des Eglantiers &#8211; 57600 Forbach<br \/>\nSede: 114, Rue Henri Kauffmann &#8211; 57600 Forbach<\/td>\n<td>Email: <a href=\"mailto:salva5760@hotmail.fr\">salva5760@hotmail.fr<\/a><br \/>\nTel: 03 87 13 95 77<\/td>\n<td>&#8211;<\/td>\n<\/tr>\n<tr>\n<td>Association Amis Franco Italiens de Rosselange et Environs<\/td>\n<td>Teresa Camponogara<\/td>\n<td>11, Cit\u00e9 de Jamailles &#8211; 57780 Rosselange<\/td>\n<td>Tel: 03 87 67 45 22 \/ 06 66 60 42 81<\/td>\n<td>&#8211;<\/td>\n<\/tr>\n<tr>\n<td>Associazione Peperoncini<\/td>\n<td>Francesca Carabetta Franco<\/td>\n<td>21, rue de Pfastatt &#8211; 68110 Illzach<\/td>\n<td>Email: <a href=\"mailto:carabetta.francesca@orange.fr\">carabetta.francesca@orange.fr<\/a><br \/>\nTel: 06 70 80 35 74<\/td>\n<td>&#8211;<\/td>\n<\/tr>\n<tr>\n<td>Amicale Franco Italiana Rombas<\/td>\n<td>Luigi Caracciolo<\/td>\n<td>31, rue des Marguerites &#8211; 57120 Rombas<\/td>\n<td>Tel: 03 87 67 43 39 \/ 06 17 24 61 22<\/td>\n<td>&#8211;<\/td>\n<\/tr>\n<tr>\n<td>Associazione Culturale Franco Italiana di Mosella Est<\/td>\n<td>Calogero Cassaro<\/td>\n<td>19, All\u00e9e des Sapins &#8211; 57600 Forbach<\/td>\n<td>Email: <a href=\"mailto:ccassaro.fcc@orange.fr\">ccassaro.fcc@orange.fr<\/a><br \/>\nTel: 03 87 85 83 47 \/ 06 12 99 81 50<\/td>\n<td>&#8211;<\/td>\n<\/tr>\n<tr>\n<td>Circolo Italiano di Epernay<\/td>\n<td>No\u00eblle Cerruti Lesgourgues<\/td>\n<td>19, Rue de la Verrerie \u2013 51530 Magenta<\/td>\n<td>Email: <a href=\"mailto:noelle.cerruti@gmail.com\">noelle.cerruti@gmail.com<\/a><br \/>\nTel: 03 26 51 68 90 \/ 06 78 50 79 79<\/td>\n<td><a href=\"http:\/\/www.lecercleitalienepernay.fr\/\" target=\"_blank\" rel=\"noopener\">Sito Web<\/a><\/td>\n<\/tr>\n<tr>\n<td>Lega Culturale Italiana di Creutzwald<\/td>\n<td>Palmiro Colantuono<\/td>\n<td>10, rue des Bouvreuils &#8211; 57150 Creutzwald<\/td>\n<td>Email: <a href=\"mailto:vincent57150@gmail.com\">vincent57150@gmail.com<\/a><br \/>\nTel: 07 51 60 90 13<\/td>\n<td>&#8211;<\/td>\n<\/tr>\n<tr>\n<td>Circolo Sardo \u201cSu Nuraghe\u201d di Farebersviller<\/td>\n<td>Antonia Angela Crobu Camedda<\/td>\n<td>5, Impasse Musset \u2013 57450 Farebersviller<br \/>\nSede: 12, rue Moli\u00e8re \u2013 57450 Farebersviller BP.160<\/td>\n<td>Email: <a href=\"mailto:cercle.sarde@wanadoo.fr\">cercle.sarde@wanadoo.fr<\/a><br \/>\nTel: 03 87 89 61 45 \/ 06 01 14 76 32<\/td>\n<td>&#8211;<\/td>\n<\/tr>\n<tr>\n<td>Associazione Pugliese \u201cLes Italiens de l\u2019Aube\u201d<\/td>\n<td>Antonio Damiano<\/td>\n<td>14, Rue Alfred Ploy\u00e9 &#8211; 10000 Troyes<\/td>\n<td>Email: <a href=\"mailto:antonio.damiano@wanadoo.fr\">antonio.damiano@wanadoo.fr<\/a><br \/>\nTel: 03 25 80 38 28 \/ 06 75 48 48 59<\/td>\n<td>&#8211;<\/td>\n<\/tr>\n<tr>\n<td>Amicale des Italiens du Territoire de Belfort<\/td>\n<td>Alfredo De Poli<\/td>\n<td>10, avenue d\u2019Alsace \u2013 90160 Deney<\/td>\n<td>Email: <a href=\"mailto:alfredo.depoli@orange.fr\">alfredo.depoli@orange.fr<\/a><br \/>\nTel: 03 84 29 82 07<\/td>\n<td>&#8211;<\/td>\n<\/tr>\n<tr>\n<td>Association Franco Italienne de Folschviller<\/td>\n<td>Louis Di Bartolo<\/td>\n<td>7, Impasse Gustave Courbet \u2013 57730 Foschviller<\/td>\n<td>Email: <a href=\"mailto:ciaoafi@gmail.com\">ciaoafi@gmail.com<\/a><br \/>\nTel: 03 87 92 72 08 \/ 06 77 08 27 08<\/td>\n<td><a href=\"https:\/\/www.facebook.com\/share\/Fo3DJr2cufpWnFZX\/\" target=\"_blank\" rel=\"noopener\">Facebook<\/a><\/td>\n<\/tr>\n<tr>\n<td>L.I.E.N. \u00ab Les Italiens et Nous \u00bb<\/td>\n<td>Nicole Faessel<\/td>\n<td>10, rue de la Garde &#8211; 57000 Metz<\/td>\n<td>Email: <a href=\"mailto:lelienitalien@gmail.com\">lelienitalien@gmail.com<\/a> \/ <a href=\"mailto:faessel.nicole@gmail.com\">faessel.nicole@gmail.com<\/a><br \/>\nTel: 06 07 52 08 90 \/ 03 87 36 94 11<\/td>\n<td>&#8211;<\/td>\n<\/tr>\n<tr>\n<td>Associazione Culturale Franco-Italiana (A.C.F.I.) di Maizi\u00e8res les Metz<\/td>\n<td>Giovanna Farina Incredulo<\/td>\n<td>20, rue Grosdidier de M\u00e2tons \u2013 57000 Metz<\/td>\n<td>Email: <a href=\"mailto:farinagiovanna@yahoo.fr\">farinagiovanna@yahoo.fr<\/a><br \/>\nTel: 06 12 18 12 05<\/td>\n<td>&#8211;<\/td>\n<\/tr>\n<tr>\n<td>Comitato Tricolore degli Italiani in Francia<\/td>\n<td>Antonio Ferraro<\/td>\n<td>4, rue A. Rimbaud &#8211; 57800 Freyming Merlebach<\/td>\n<td>Email: <a href=\"mailto:antonio.ferraro@sfr.fr\">antonio.ferraro@sfr.fr<\/a><br \/>\nTel: 03 87 04 07 61<\/td>\n<td>&#8211;<\/td>\n<\/tr>\n<tr>\n<td>A.I.E.V.O. (Associazione Italiana e Europa della Valle dell\u2019Orne)<\/td>\n<td>Guglielmo Furci<\/td>\n<td>11, rue du Hassel \u2013 57300 Hagondange<\/td>\n<td>Email: <a href=\"mailto:gabriel.furci@free.fr\">gabriel.furci@free.fr<\/a><br \/>\nTel: 06 72 37 42 75<\/td>\n<td>&#8211;<\/td>\n<\/tr>\n<tr>\n<td>A.R.U.L.E.F. (Associazione Regionale Umbra del Lavoratori Emigrati e Famiglie in Lorena)<\/td>\n<td>Giuliana Gammeiton Cimarelli<\/td>\n<td>27, rue George Sand &#8211; 57390 Redange<\/td>\n<td>Email: <a href=\"mailto:arulef.lorena@orange.fr\">arulef.lorena@orange.fr<\/a><br \/>\nTel: 06 30 36 15 49<\/td>\n<td>&#8211;<\/td>\n<\/tr>\n<tr>\n<td>Associazione Italiani a Reims<\/td>\n<td>Chiara Giampellegrini<\/td>\n<td>9 rue Tournebonneau &#8211; 51100 Reims<\/td>\n<td>Email: <a href=\"mailto:assoitalianiareims@gmail.com\">assoitalianiareims@gmail.com<\/a><br \/>\nTel: 06 35 96 55 52<\/td>\n<td><a href=\"https:\/\/www.instagram.com\/silvia.zuccarelli\/\" target=\"_blank\" rel=\"noopener\">Instagram<\/a><br \/>\n<a href=\"https:\/\/www.facebook.com\/p\/Felicitalia-100093816704002\/\" target=\"_blank\" rel=\"noopener\">Facebook<\/a><\/td>\n<\/tr>\n<tr>\n<td>A.F.I.V. (Association Franco Italienne des Vosges)<\/td>\n<td>Guy Laurent<\/td>\n<td>10, All\u00e9e du Pr\u00e9 Ferriot &#8211; 88000 Deyvillers<br \/>\nSede: 2, Place d\u2019Avrinsart &#8211; 88000 Epinal<\/td>\n<td>Email: <a href=\"mailto:guy.laurent37@sfr.fr\">guy.laurent37@sfr.fr<\/a><br \/>\nEmail vice-pr\u00e9s.: <a href=\"mailto:ernesto.feltrin@gmail.com\">ernesto.feltrin@gmail.com<\/a><br \/>\nEmail ass.: <a href=\"mailto:afivepinal@laposte.net\">afivepinal@laposte.net<\/a><br \/>\nTel: 06 22 37 71 44<\/td>\n<td><a href=\"https:\/\/afiv.fr\/association-afiv\/\" target=\"_blank\" rel=\"noopener\">Sito Web<\/a><\/td>\n<\/tr>\n<tr>\n<td>A.E.L.E.F. (Associazione Emigrati Laziali Est Francia)<\/td>\n<td>Gaetano Lazzaro<\/td>\n<td>3, rue du Heckling \u2013 57320 Bouzonville<br \/>\nSede sociale: 2\/B, Cours de l\u2019Abbaye &#8211; 57320 Bouzonville<\/td>\n<td>Email: <a href=\"mailto:gaetano.lazzaro@live.fr\">gaetano.lazzaro@live.fr<\/a><br \/>\nTel: 06 21 36 23 39 \/ 03 87 78 36 52<\/td>\n<td>&#8211;<\/td>\n<\/tr>\n<tr>\n<td>Sole d\u2019Italia \u2013 Cercle Franco-Italien de la Pointe des Ardennes<\/td>\n<td>Bruno Lombardia<\/td>\n<td>2\/A, Quai du Moulin &#8211; 08600 Givet<\/td>\n<td>Email: <a href=\"mailto:soleditalia08@gmail.com\">soleditalia08@gmail.com<\/a><br \/>\nTel: 06 08 51 12 68<\/td>\n<td><a href=\"https:\/\/www.facebook.com\/groups\/1173321879833771\/?ref=share_group_link\" target=\"_blank\" rel=\"noopener\">Facebook<\/a><\/td>\n<\/tr>\n<tr>\n<td>Circolo ACLI (Hayange)<\/td>\n<td>Antonio Luca<\/td>\n<td>5 Hameau des Trois Sources &#8211; 57700 Hayange<br \/>\nSede: 13, Rue Leclerc &#8211; 57700 Hayange<\/td>\n<td>Email: <a href=\"mailto:aluca35@gmail.com\">aluca35@gmail.com<\/a><br \/>\nTel: 03 82 85 89 62 \/ 06 86 10 36 18 \/ 03 82 85 57 80<\/td>\n<td>&#8211;<\/td>\n<\/tr>\n<tr>\n<td>Associazione Adriatica della Mosella<\/td>\n<td>Graziella Finco Luzzi<\/td>\n<td>Maison des Associations, 108 Avenue Raymond Poincar\u00e9 \u2013 57800 Freyming Merlebach<\/td>\n<td>Email: <a href=\"mailto:lgraziel@enes.fr\">lgraziel@enes.fr<\/a><br \/>\nTel: 03 87 29 94 02 \/ 06 07 18 75 51<\/td>\n<td>&#8211;<\/td>\n<\/tr>\n<tr>\n<td>La Comitiva<\/td>\n<td>Guglielma Magro<\/td>\n<td>120, rue du Faubourg Saint Antoine &#8211; 51000 Ch\u00e2lons en Champagne<\/td>\n<td>Email: <a href=\"mailto:guglielma.magro@laposte.net\">guglielma.magro@laposte.net<\/a><br \/>\nTel: 06 09 22 40 47<\/td>\n<td><a href=\"https:\/\/www.facebook.com\/lacomitivachalons\" target=\"_blank\" rel=\"noopener\">Facebook<\/a><\/td>\n<\/tr>\n<tr>\n<td>Associazione Culturale Italo-Francese<\/td>\n<td>Salvatore Maiolo<\/td>\n<td>8\/B, rue de l\u2019usine &#8211; 57120 Rombas<br \/>\nSede: rue Joffre &#8211; 57185 Clouange<\/td>\n<td>Email: <a href=\"mailto:salvamai@gmx.fr\">salvamai@gmx.fr<\/a><br \/>\nTel: 06 09 23 04 63<\/td>\n<td>&#8211;<\/td>\n<\/tr>\n<tr>\n<td>Amicale Franco Italiana<\/td>\n<td>Ermanno Robert Marchetti<\/td>\n<td>3, rue Jean Burger \u2013 57250 Moyeuvre Grande<\/td>\n<td>Email: <a href=\"mailto:marchettiermanno@gmail.com\">marchettiermanno@gmail.com<\/a><br \/>\nTel: 03 87 58 52 86 \/ 06 27 10 24 17<\/td>\n<td>&#8211;<\/td>\n<\/tr>\n<tr>\n<td>Lega Corfinese<\/td>\n<td>Jean-Louis Marrama<\/td>\n<td>153, Rue de la R\u00e9publique &#8211; 57240 Knutange<\/td>\n<td>Email: <a href=\"mailto:angelo.dicarlo@yahoo.fr\">angelo.dicarlo@yahoo.fr<\/a> (segretario)<br \/>\nTel: 03 82 85 35 84 \/ 06 37 00 46 74<\/td>\n<td>&#8211;<\/td>\n<\/tr>\n<tr>\n<td>Comites di Metz<\/td>\n<td>Rosanna Orbitello Buonocore (Prof.ssa)<\/td>\n<td>Sede sociale: 1, Rue Antoine Louis &#8211; 57000 Metz<\/td>\n<td>Email: <a href=\"mailto:rosannaorbitello@hotmail.fr\">rosannaorbitello@hotmail.fr<\/a><br \/>\nTel: 03 54 62 96 87 \/ 06 78 33 01 27<\/td>\n<td><\/td>\n<\/tr>\n<tr>\n<td>Reims Rayonnement International (ex Comit\u00e9 de Jumelage Reims\/Florence)<\/td>\n<td>Colette Padet<\/td>\n<td>Maison de la Vie Associative, 122 rue du Barb\u00e2tre \u2013 51100 Reims<\/td>\n<td>Email: <a href=\"mailto:association.rri@gmail.com\">association.rri@gmail.com<\/a><br \/>\nTel: 06 81 12 55 45<\/td>\n<td><a href=\"https:\/\/www.facebook.com\/ReimsRayonnementInternational\/\" target=\"_blank\" rel=\"noopener\">Facebook<\/a><br \/>\n<a href=\"https:\/\/www.reims-jumelages.com\" target=\"_blank\" rel=\"noopener\">Sito Web<\/a><\/td>\n<\/tr>\n<tr>\n<td>Cercle r\u00e9cr\u00e9atif et culturel italo-fran\u00e7ais de Charleville M\u00e9zi\u00e8res<\/td>\n<td>Dominique Passefort<\/td>\n<td>11, rue Edouard Branly \u2013 08000 Charleville M\u00e9zi\u00e8res<\/td>\n<td>Email: <a href=\"mailto:dominiquepassefort@orange.fr\">dominiquepassefort@orange.fr<\/a><br \/>\nTel: 06 31 56 68 61<\/td>\n<td>&#8211;<\/td>\n<\/tr>\n<tr>\n<td>Cercle Franco Italien de Montois<\/td>\n<td>Jean Piacente<\/td>\n<td>C\/P Verlaine \u2013 9, rue du G\u00e9n\u00e9ral de Gaulle \u2013 57860 Montois la Montagne<\/td>\n<td>Email: <a href=\"mailto:jean.piacente57@gmail.com\">jean.piacente57@gmail.com<\/a><br \/>\nTel: 03 82 45 16 38 \/ 06 33 32 33 55<\/td>\n<td>&#8211;<\/td>\n<\/tr>\n<tr>\n<td>Passaparola France Italie<\/td>\n<td>Ornella Piccirillo<\/td>\n<td>6, Grand Rue \u2013 57130 Sainte Ruffine<\/td>\n<td>Email: <a href=\"mailto:piccirillo.o@hotmail.fr\">piccirillo.o@hotmail.fr<\/a><br \/>\nTel: 03 87 36 87 09 \/ 06 12 16 32 97<\/td>\n<td>&#8211;<\/td>\n<\/tr>\n<tr>\n<td>Circolo Sardo \u201cSardi in Europa\u201d<\/td>\n<td>Angelo Maria Pi\u00f9<\/td>\n<td>Maison des Associations, 1a Place des Orphelins &#8211; 67000 Strasbourg<\/td>\n<td>Email: <a href=\"mailto:mcl.france@wanadoo.fr\">mcl.france@wanadoo.fr<\/a><br \/>\nTel: 03 88 37 03 35 \/ 09 66 92 16 00 \/ 03 88 37 97 25<\/td>\n<td>&#8211;<\/td>\n<\/tr>\n<tr>\n<td>Trentini nel Mondo de Lorraine<\/td>\n<td>Emile Pojer<\/td>\n<td>Rue Jean Burger &#8211; 57650 Fontoy<\/td>\n<td>Email: <a href=\"mailto:pojer.emile@orange.fr\">pojer.emile@orange.fr<\/a><br \/>\nTel: 03 82 52 42 37 \/ 06 30 92 18 22<\/td>\n<td>&#8211;<\/td>\n<\/tr>\n<tr>\n<td>Circolo ACLI di Amn\u00e9ville<\/td>\n<td>(Chessa) Posadinu Francesca<\/td>\n<td>18, Rue Lothaire \u2013 57190 Florange<\/td>\n<td>Email: <a href=\"mailto:isabellapo@sfr.fr\">isabellapo@sfr.fr<\/a><br \/>\nTel: 03 82 58 19 82 \/ 06 09 48 56 66<\/td>\n<td>&#8211;<\/td>\n<\/tr>\n<tr>\n<td>Circolo Sardo \u201cSu Nuraghe\u201d di Behren<\/td>\n<td>Julie Quai<\/td>\n<td>10, rue de la Br\u00eame d\u2019Or \u2013 57350 Stiring Wendel<br \/>\nSede: Annexe Chateaubriand BP.80022 \u2013 57460 Behren les Forbach<\/td>\n<td>Email: <a href=\"mailto:circolosardobehren@orange.fr\">circolosardobehren@orange.fr<\/a><br \/>\nTel: 06 43 75 89 91 \/ 03 87 87 30 67 \/ 03 87 85 54 81<\/td>\n<td>&#8211;<\/td>\n<\/tr>\n<tr>\n<td>A.I.S.I. (Associazione per le Iniziative Scolastiche Italiane)<\/td>\n<td>Thierry Rohmer<\/td>\n<td>2, rue Clemenceau &#8211; 67730 Ch\u00e2tenois<\/td>\n<td>Email: <a href=\"mailto:relation.aisi@gmail.com\">relation.aisi@gmail.com<\/a><br \/>\nTel: 07 76 11 54 52<\/td>\n<td><a href=\"https:\/\/www.association-aisi.eu\/\" target=\"_blank\" rel=\"noopener\">Sito Web<\/a><br \/>\n<a href=\"https:\/\/www.facebook.com\/aisi.chatenois\/\" target=\"_blank\" rel=\"noopener\">Facebook<\/a><br \/>\n<a href=\"www.linkedin.com\/in\/a-i-s-i-ch\u00e2tenois-2b898b317\" target=\"_blank\" rel=\"noopener\">LinkedIn<\/a><\/td>\n<\/tr>\n<tr>\n<td>Association Franco Italienne de Gu\u00e9nange (ex Folklorique Italienne)<\/td>\n<td>Joseph Russo<\/td>\n<td>Centre Social Louise Michel &#8211; 57310 Gu\u00e9nange<\/td>\n<td>Email: <a href=\"mailto:afig@gmx.fr\">afig@gmx.fr<\/a><br \/>\nTel: 06 68 46 29 17<\/td>\n<td><a href=\"http:\/\/afig57310.webnode.fr\" target=\"_blank\" rel=\"noopener\">Sito Web<\/a><\/td>\n<\/tr>\n<tr>\n<td>Associazione Nazionale Alpini \u2013 Gruppo di Nilvange<\/td>\n<td>Teresa Riggi ved. Spinello<\/td>\n<td>31, Rue du Caillou &#8211; 57290 Seremange<\/td>\n<td>Email: <a href=\"mailto:elda.salamon@sfr.fr\">elda.salamon@sfr.fr<\/a><br \/>\nTel: 03 82 58 31 43 \/ 06 60 04 09 79<\/td>\n<td>&#8211;<\/td>\n<\/tr>\n<tr>\n<td>Lorital<\/td>\n<td>Nicla Settembre<\/td>\n<td>&#8211;<\/td>\n<td>Email: <a href=\"mailto:nicla.settembre@yahoo.fr\">nicla.settembre@yahoo.fr<\/a><br \/>\nTel: 06 47 84 29 35 \/ 06 59 18 70 13<\/td>\n<td><a href=\"https:\/\/www.helloasso.com\/associations\/lorital\" target=\"_blank\" rel=\"noopener\">HelloAsso<\/a><\/td>\n<\/tr>\n<tr>\n<td>Associazione ACLI Lorena<\/td>\n<td>Salvatore Tabone<\/td>\n<td>4, Rue Jean-Baptiste Charcot \u2013 57950 Montigny les Metz<\/td>\n<td>Email: <a href=\"mailto:s.tabone@hotmail.fr\">s.tabone@hotmail.fr<\/a><br \/>\nTel: 06 15 44 77 47<\/td>\n<td>&#8211;<\/td>\n<\/tr>\n<tr>\n<td>PLIC<\/td>\n<td>Giuseppe Testi<\/td>\n<td>1 rue Antoine Louis &#8211; 57000 Metz<\/td>\n<td>Email: <a href=\"mailto:presidente.plic@gmail.com\">presidente.plic@gmail.com<\/a><br \/>\nTel: 06 65 03 38 36<\/td>\n<td>&#8211;<\/td>\n<\/tr>\n<tr>\n<td>Dante Alighieri \u2013 Sezione di Metz<\/td>\n<td>Maria Triacca Sarnelli (Prof.ssa Cav.)<\/td>\n<td>20, rue Dominique Macherez &#8211; 57000 Metz<\/td>\n<td>Email: <a href=\"mailto:dantealighieri.metz@hotmail.fr\">dantealighieri.metz@hotmail.fr<\/a><br \/>\nTel: 03 87 38 92 72 \/ 06 64 80 93 17<\/td>\n<td>&#8211;<\/td>\n<\/tr>\n<tr>\n<td>Circolo Ricreativo e Culturale Franco-Italiano des Deux Vireux<\/td>\n<td>Lazare Veta<\/td>\n<td>24 rue Pierre Vienot &#8211; 08320 Vireux-Wallerand<br \/>\nSede: 72, avenue Roger Posty \u2013 08320 Vireux Molhain<\/td>\n<td>Email: <a href=\"mailto:lazareveta@free.fr\">lazareveta@free.fr<\/a> \/ <a href=\"mailto:cfides2vireux@gmail.com\">cfides2vireux@gmail.com<\/a><br \/>\nTel: 06 71 88 45 75<\/td>\n<td><a href=\"https:\/\/www.facebook.com\/cfides2vireux\/?locale=fr_FR\" target=\"_blank\" rel=\"noopener\">Facebook<\/a><\/td>\n<\/tr>\n<tr>\n<td>Associazione Felicitalia<\/td>\n<td>Silvia Zuccarelli<\/td>\n<td>45, rue Gambetta \u2013 54200 Dommartin les Toul<\/td>\n<td>Email: <a href=\"mailto:silvia@felicitalia.org\">silvia@felicitalia.org<\/a><br \/>\nTel: 06 28 03 56 49<\/td>\n<td><a href=\"https:\/\/www.facebook.com\/p\/Felicitalia-100093816704002\/\" target=\"_blank\" rel=\"noopener\">Facebook<\/a><br \/>\n<a href=\"https:\/\/www.instagram.com\/silvia.zuccarelli\/\" target=\"_blank\" rel=\"noopener\">Instagram<\/a><\/td>\n<\/tr>\n<\/tbody>\n<\/table>\n<p>&nbsp;<\/p>\n","protected":false},"excerpt":{"rendered":"Corrispondenti Consolari &#8211; Elenco &nbsp; CORRISPONDENTE CONSOLARE RESPONSABILE INDIRIZZO CONTATTI NOTE \/ PERMANENZE Colmar, Ribeauvill\u00e9 e dintorni Francesca Castronovo 50, rue de la Semm &#8211; 68000 Colmar Email: castronovofranca@yahoo.fr Tel: 06 88 43 22 83 &#8211; Marne No\u00eblle Cerruti Lesgourgues 19, Rue de la Verrerie \u2013 51530 Magenta Email: noelle.cerruti@gmail.com Tel: 06 78 50 79 [&hellip;]","protected":false},"author":9,"featured_media":0,"parent":251,"menu_order":2,"comment_status":"closed","ping_status":"closed","template":"","meta":{"footnotes":""},"class_list":["post-5800","page","type-page","status-publish","hentry"],"_links":{"self":[{"href":"https:\/\/consmetz.esteri.it\/it\/wp-json\/wp\/v2\/pages\/5800","targetHints":{"allow":["GET"]}}],"collection":[{"href":"https:\/\/consmetz.esteri.it\/it\/wp-json\/wp\/v2\/pages"}],"about":[{"href":"https:\/\/consmetz.esteri.it\/it\/wp-json\/wp\/v2\/types\/page"}],"author":[{"embeddable":true,"href":"https:\/\/consmetz.esteri.it\/it\/wp-json\/wp\/v2\/users\/9"}],"replies":[{"embeddable":true,"href":"https:\/\/consmetz.esteri.it\/it\/wp-json\/wp\/v2\/comments?post=5800"}],"version-history":[{"count":5,"href":"https:\/\/consmetz.esteri.it\/it\/wp-json\/wp\/v2\/pages\/5800\/revisions"}],"predecessor-version":[{"id":5816,"href":"https:\/\/consmetz.esteri.it\/it\/wp-json\/wp\/v2\/pages\/5800\/revisions\/5816"}],"up":[{"embeddable":true,"href":"https:\/\/consmetz.esteri.it\/it\/wp-json\/wp\/v2\/pages\/251"}],"wp:attachment":[{"href":"https:\/\/consmetz.esteri.it\/it\/wp-json\/wp\/v2\/media?parent=5800"}],"curies":[{"name":"wp","href":"https:\/\/api.w.org\/{rel}","templated":true}]}}