{"id":67,"date":"2023-01-30T12:32:10","date_gmt":"2023-01-30T11:32:10","guid":{"rendered":"https:\/\/consmetz.esteri.it\/?page_id=67"},"modified":"2023-10-03T12:37:08","modified_gmt":"2023-10-03T10:37:08","slug":"diplomazia-culturale","status":"publish","type":"page","link":"https:\/\/consmetz.esteri.it\/it\/italia-e-francia\/diplomazia-culturale\/","title":{"rendered":"Diplomazia culturale"},"content":{"rendered":"<p style=\"padding-left: 160px;\"><img loading=\"lazy\" decoding=\"async\" class=\"wp-image-1371 img-fluid aligncenter\" src=\"https:\/\/consmetz.esteri.it\/wp-content\/uploads\/2023\/09\/citta-ideale-1-300x83.webp\" alt=\"\" width=\"484\" height=\"134\" srcset=\"https:\/\/consmetz.esteri.it\/wp-content\/uploads\/2023\/09\/citta-ideale-1-300x83.webp 300w, https:\/\/consmetz.esteri.it\/wp-content\/uploads\/2023\/09\/citta-ideale-1-1024x284.webp 1024w, https:\/\/consmetz.esteri.it\/wp-content\/uploads\/2023\/09\/citta-ideale-1-768x213.webp 768w, https:\/\/consmetz.esteri.it\/wp-content\/uploads\/2023\/09\/citta-ideale-1.webp 2000w\" sizes=\"auto, (max-width: 484px) 100vw, 484px\" \/><\/p>\n<p>&nbsp;<\/p>\n<p style=\"text-align: justify;\">La cultura \u00e8 un elemento essenziale dell\u2019identit\u00e0 italiana nel mondo e rappresenta un patrimonio materiale e immateriale cui attingere per affrontare le sfide della contemporaneit\u00e0. Ne fanno parte a pieno titolo la lingua italiana come eredit\u00e0 del passato e ponte verso il futuro, e la ricerca scientifica, settore in cui il nostro Paese pu\u00f2 vantare punte di eccellenza a livello mondiale.<\/p>\n<p style=\"text-align: justify;\">La promozione della lingua e della cultura italiane occupa quindi un ruolo fondamentale nella politica estera del nostro Paese e costituisce uno dei principali strumenti di proiezione esterna.<\/p>\n<p style=\"text-align: justify;\" align=\"left\">Il Servizio Culturale dell\u2019Ambasciata d\u2019Italia a Parigi promuove le relazioni culturali tra i due Paesi in diversi settori: lingua, tutela del patrimonio culturale, cinema e audiovisivo, libri, musica e manifestazioni artistiche in generale. <a title=\"Apri il documento, in formato pdf, relativo all'accordo culturale tra Italia e Francia\" href=\"https:\/\/consmetz.esteri.it\/wp-content\/uploads\/2023\/09\/2725_f_Accordoitaliafrancia19493.pdf\"><strong>L\u2019accordo culturale tra Italia e Francia<\/strong><\/a>\u00a0 \u00e8 stato stipulato tra il Presidente della Repubblica italiana e dal Presidente della Repubblica francese il 4 novembre 1949 a Parigi.<\/p>\n<p style=\"text-align: justify;\" align=\"left\">Nella Circoscrizione consolare di Metz della promozione della lingua e della cultura italiane si occupano in particolare l&#8217;<strong><a href=\"https:\/\/www.iicstrasbourg.fr\">Istituto Italiano di Cultura di Strasburgo<\/a> <\/strong>e l&#8217;<a href=\"https:\/\/consmetz.esteri.it\/it\/italia-e-francia\/diplomazia-culturale\/ufficio-scuola\"><strong>Ufficio scolastico<\/strong><\/a> del Consolato Generale d&#8217;Italia a Metz.<\/p>\n<p>&nbsp;<\/p>\n<p><strong>Link di approfondimento<\/strong>:<\/p>\n<p>Ambasciata d&#8217;Italia a Parigi &#8211; Servizio culturale: <a href=\"https:\/\/consparigi.esteri.it\/it\/italia-e-francia\/diplomazia-culturale\/\">https:\/\/consparigi.esteri.it\/it\/italia-e-francia\/diplomazia-culturale\/<\/a><\/p>\n<p>Ministero degli Affari Esteri e della Cooperazione Internazionale: <a href=\"https:\/\/www.esteri.it\/it\/diplomazia-culturale-e-diplomazia-scientifica\/cultura\/\">https:\/\/www.esteri.it\/it\/diplomazia-culturale-e-diplomazia-scientifica\/cultura\/<\/a><\/p>\n<p>ITALIANA &#8211; Lingua Cultura Creativit\u00e0 nel Mondo: <a href=\"https:\/\/italiana.esteri.it\/italiana\/\">https:\/\/italiana.esteri.it\/italiana\/<\/a><\/p>\n","protected":false},"excerpt":{"rendered":"&nbsp; La cultura \u00e8 un elemento essenziale dell\u2019identit\u00e0 italiana nel mondo e rappresenta un patrimonio materiale e immateriale cui attingere per affrontare le sfide della contemporaneit\u00e0. Ne fanno parte a pieno titolo la lingua italiana come eredit\u00e0 del passato e ponte verso il futuro, e la ricerca scientifica, settore in cui il nostro Paese pu\u00f2 [&hellip;]","protected":false},"author":3,"featured_media":0,"parent":13,"menu_order":2,"comment_status":"closed","ping_status":"closed","template":"","meta":{"footnotes":""},"class_list":["post-67","page","type-page","status-publish","hentry"],"_links":{"self":[{"href":"https:\/\/consmetz.esteri.it\/it\/wp-json\/wp\/v2\/pages\/67","targetHints":{"allow":["GET"]}}],"collection":[{"href":"https:\/\/consmetz.esteri.it\/it\/wp-json\/wp\/v2\/pages"}],"about":[{"href":"https:\/\/consmetz.esteri.it\/it\/wp-json\/wp\/v2\/types\/page"}],"author":[{"embeddable":true,"href":"https:\/\/consmetz.esteri.it\/it\/wp-json\/wp\/v2\/users\/3"}],"replies":[{"embeddable":true,"href":"https:\/\/consmetz.esteri.it\/it\/wp-json\/wp\/v2\/comments?post=67"}],"version-history":[{"count":6,"href":"https:\/\/consmetz.esteri.it\/it\/wp-json\/wp\/v2\/pages\/67\/revisions"}],"predecessor-version":[{"id":1331,"href":"https:\/\/consmetz.esteri.it\/it\/wp-json\/wp\/v2\/pages\/67\/revisions\/1331"}],"up":[{"embeddable":true,"href":"https:\/\/consmetz.esteri.it\/it\/wp-json\/wp\/v2\/pages\/13"}],"wp:attachment":[{"href":"https:\/\/consmetz.esteri.it\/it\/wp-json\/wp\/v2\/media?parent=67"}],"curies":[{"name":"wp","href":"https:\/\/api.w.org\/{rel}","templated":true}]}}