{"id":68,"date":"2023-01-30T12:31:34","date_gmt":"2023-01-30T11:31:34","guid":{"rendered":"https:\/\/consmetz.esteri.it\/?page_id=68"},"modified":"2024-01-12T09:05:05","modified_gmt":"2024-01-12T08:05:05","slug":"numeri-di-emergenza","status":"publish","type":"page","link":"https:\/\/consmetz.esteri.it\/it\/chi-siamo\/numeri-di-emergenza\/","title":{"rendered":"Numeri di emergenza"},"content":{"rendered":"<h3><strong>NUMERO EUROPEO PER EMERGENZE: 112<\/strong><\/h3>\n<p>Si segnala che \u00e8 possibile contattare gratuitamente i servizi di Pronto Intervento in qualunque Paese dell\u2019Unione Europea, componendo il numero 112 da qualsiasi telefono fisso o mobile.<\/p>\n<p>Il numero 112 \u00e8 disponibile 7 giorni su 7, 24 ore su 24. Il servizio, gestito dalle Autorit\u00e0 locali, \u00e8 offerto nella lingua ufficiale del Paese e spesso anche in una lingua veicolare aggiuntiva.<\/p>\n<p>Il servizio, fermo restando le competenze consolari in materia, \u00e8 da considerarsi ben pi\u00f9 adatto a segnalare emergenze gravi, poich\u00e9 direttamente connesso alle strutture di pubblica sicurezza e soccorso.<\/p>\n<p>ALTRI NUMERI:<br \/>\n17 Polizia<br \/>\n15 Urgenze Mediche<br \/>\n18 Pompieri<br \/>\n0800990039 per chiamare in Italia con addebito al destinatario.<\/p>\n<h3>EMERGENZA CHE RICHIEDE ASSISTENZA CONSOLARE<\/h3>\n<p>In caso di richieste di assistenza per emergenze consolari (decesso, incidente grave o altra questione comportante rischi per la salute o situazione di pericolo per l\u2019incolumit\u00e0 personale di cittadini italiani all\u2019estero e che richieda l\u2019intervento urgente delle autorit\u00e0 consolari) durante le ore di chiusura del Consolato Generale ovvero nei giorni lavorativi dopo le 16.30, nei fine settimana e nei festivi \u00e8 operativo un servizio di emergenza. Si prega SOLO ED ESCLUSIVAMENTE IN TALI CASI di chiamare il seguente numero:<\/p>\n<table style=\"height: 288px;\" width=\"1049\">\n<tbody>\n<tr>\n<td width=\"321\">\n<h2><strong>SERVIZIO DIURNO<\/strong><\/h2>\n<p>&nbsp;<\/p>\n<p>&nbsp;<\/p>\n<p>\u25badal luned\u00ec al venerd\u00ec dalle ore 16,30 alle ore 22 e sabato, domenica o festivi dalle ore 8 alle ore 22:<br \/>\n<strong>+336 80 71 03 43<\/strong><\/p>\n<p>&nbsp;<\/p>\n<p>&nbsp;<\/p>\n<p>&nbsp;<\/td>\n<td width=\"321\">\n<h2><strong>SERVIZIO NOTTURNO<\/strong><\/h2>\n<p>&nbsp;<\/p>\n<p>&nbsp;<\/p>\n<p>\u25baogni sera dalle ore 22 all&#8217;indomani mattina ore 8 :<br \/>\n<strong>+337 81 95 40 72<\/strong><\/p>\n<p>&nbsp;<\/p>\n<p>&nbsp;<\/p>\n<p>&nbsp;<\/p>\n<p>&nbsp;<\/td>\n<\/tr>\n<\/tbody>\n<\/table>\n<p>&nbsp;<\/p>\n<p>In caso di furto o smarrimento di documenti di viaggio consultare la pagina dedicata \u25ba <a href=\"https:\/\/consmetz.esteri.it\/it\/servizi-consolari-e-visti\/servizi-per-il-cittadino-italiano\/denuncia-di-furto-o-smarrimento-di-documento-passaporto-carta-didentita-patente-ecc\/\" target=\"_blank\" rel=\"noopener\"><strong>Furto e smarrimento di documenti<\/strong><\/a><\/p>\n<p>Per ogni altra questione non urgente, inviare una comunicazione scritta a\u00a0<a href=\"sociale.metz@esteri.it\">sociale.metz@esteri.it<\/a><br \/>\nSi verr\u00e0 contattati alla riapertura degli uffici.<\/p>\n","protected":false},"excerpt":{"rendered":"NUMERO EUROPEO PER EMERGENZE: 112 Si segnala che \u00e8 possibile contattare gratuitamente i servizi di Pronto Intervento in qualunque Paese dell\u2019Unione Europea, componendo il numero 112 da qualsiasi telefono fisso o mobile. Il numero 112 \u00e8 disponibile 7 giorni su 7, 24 ore su 24. Il servizio, gestito dalle Autorit\u00e0 locali, \u00e8 offerto nella lingua [&hellip;]","protected":false},"author":3,"featured_media":0,"parent":11,"menu_order":8,"comment_status":"closed","ping_status":"closed","template":"","meta":{"footnotes":""},"class_list":["post-68","page","type-page","status-publish","hentry"],"_links":{"self":[{"href":"https:\/\/consmetz.esteri.it\/it\/wp-json\/wp\/v2\/pages\/68","targetHints":{"allow":["GET"]}}],"collection":[{"href":"https:\/\/consmetz.esteri.it\/it\/wp-json\/wp\/v2\/pages"}],"about":[{"href":"https:\/\/consmetz.esteri.it\/it\/wp-json\/wp\/v2\/types\/page"}],"author":[{"embeddable":true,"href":"https:\/\/consmetz.esteri.it\/it\/wp-json\/wp\/v2\/users\/3"}],"replies":[{"embeddable":true,"href":"https:\/\/consmetz.esteri.it\/it\/wp-json\/wp\/v2\/comments?post=68"}],"version-history":[{"count":7,"href":"https:\/\/consmetz.esteri.it\/it\/wp-json\/wp\/v2\/pages\/68\/revisions"}],"predecessor-version":[{"id":2561,"href":"https:\/\/consmetz.esteri.it\/it\/wp-json\/wp\/v2\/pages\/68\/revisions\/2561"}],"up":[{"embeddable":true,"href":"https:\/\/consmetz.esteri.it\/it\/wp-json\/wp\/v2\/pages\/11"}],"wp:attachment":[{"href":"https:\/\/consmetz.esteri.it\/it\/wp-json\/wp\/v2\/media?parent=68"}],"curies":[{"name":"wp","href":"https:\/\/api.w.org\/{rel}","templated":true}]}}