{"id":69,"date":"2023-01-30T12:31:42","date_gmt":"2023-01-30T11:31:42","guid":{"rendered":"https:\/\/consmetz.esteri.it\/?page_id=69"},"modified":"2023-01-30T12:39:00","modified_gmt":"2023-01-30T11:39:00","slug":"la-rete-consolare","status":"publish","type":"page","link":"https:\/\/consmetz.esteri.it\/it\/chi-siamo\/la-rete-consolare\/","title":{"rendered":"La Rete Consolare"},"content":{"rendered":"<p><strong><a href=\"http:\/\/www.ambparigi.esteri.it\/Ambasciata_Parigi\/Menu\/Ambasciata\/La_rete_consolare\/\">CARTA DI FRANCIA CON LE DELIMITAZIONI GEOGRAFICHE DELLE CIRCOSCRIZIONI CONSOLARI ITALIANE<\/a><\/strong><\/p>\n<p>&nbsp;<\/p>\n<p><strong>LE RAPPRESENTANZE CONSOLARI ITALIANE IN FRANCIA<\/strong><\/p>\n<p><strong>PARIGI<br \/>\n<\/strong>CONSOLATO GENERALE \u00a0DI\u00a0\u00a0PRIMA CLASSE<br \/>\n5, Boulevard Emile Augier &#8211; 75016 PARIS<br \/>\nTel. 00.33 (0) 1 44 30 47 00<br \/>\nFax 01 45 25 87 50<br \/>\nE-mail consolato.parigi@esteri.it<br \/>\nSito Internet: www.consparigi.esteri.it<br \/>\n<strong>Circoscrizione consolare<\/strong>: Calvados, Cher, C\u00f4te-d&#8217;Or, C\u00f4tes-du-Nord, Doubs, Essonne, Eure, Eure-et-Loir, Finist\u00e8re, Haute-Sa\u00f4ne, Hauts-de-Seine, Ille-et-Vilaine, Indre, Indre-et-Loire, Jura, Loire-Atlantique, Loiret, Loir-et-Cher, Maine-et-Loire, Manche, Mayenne, Morbihan, Oise, Orne, Sarthe, Seine-et-Marne, Seine-Maritime, Seine-Saint-Denis, Val-de-Marne, Val-d&#8217;Oise, Vend\u00e9e, Ville-de-Paris, Yonne, Yvelines.<\/p>\n<p><strong>MARSIGLIA<\/strong><br \/>\nCONSOLATO GENERALE<br \/>\n56, Rue d\u2019Alger &#8211; 13005 MARSEILLE<br \/>\nTel. 0033 (0) 4 91 18 49 18<br \/>\nFax 04 91 18 49 19<br \/>\nE-mail consolato.marsiglia@esteri.it<br \/>\nSito Internet: www.consmarsiglia.esteri.it<br \/>\n<strong>Circoscrizione consolare<\/strong>: Aude, Bouches-du-Rh\u00f4ne, Gard, H\u00e9rault, Loz\u00e8re, Pyr\u00e9n\u00e9es-Orientales, Var, Vaucluse.<\/p>\n<p><strong>LIONE<\/strong><br \/>\nCONSOLATO GENERALE<br \/>\n5, rue du Commandant Faurax \u2013 69452 Lyon Cedex 06<br \/>\nTel. 0033 (0) 4 78 93 00 17 \u2013 Fax 04 78 94 33 43<br \/>\ne-mail: consolato.lione@esteri.it<br \/>\nSito Internet: www.conslione.esteri.it<br \/>\n<strong>Circoscrizione consolare<\/strong>: Ain, Ard\u00e8che, Dr\u00f4me, Is\u00e8re, Loire, Rh\u00f4ne (Rh\u00f4ne-Alpes)<br \/>\nAllier, Cantal,Haute-Loire, Puy-de-D\u00f4me (Auvergne)<br \/>\nCorr\u00e8ze, Creuse, Haute-Vienne (Limousin)<br \/>\nNi\u00e8vre, Sa\u00f4ne-et-Loire (Bourgogne)<\/p>\n<p><strong>METZ<\/strong><br \/>\nCONSOLATO GENERALE<br \/>\n7, Boulevard Cl\u00e9menceau &#8211; 57000 METZ<br \/>\nTel. 0033 (0) 3 87 38 58 70<br \/>\nFax 03 87 50 49 71<br \/>\nE-mail: consolato.metz@esteri.it<br \/>\nSito Internet: www.consmetz.esteri.it<br \/>\n<strong>Circoscrizione consolare<\/strong>: Ardennes, Aube, Bas-Rhin,Haut-Rhin, Haute-Marne, Marne, Meurthe-et-Moselle, Meuse, Moselle, Territoire de Belfort, Vosges.<\/p>\n<p><strong>NIZZA<\/strong><br \/>\nCONSOLATO GENERALE<br \/>\n72, Boulevard Gambetta &#8211; 06048 NICE Cedex 1<br \/>\nTel 0033 (0) 4 93 88 79 86<br \/>\nFax 04 93 88 11 08<br \/>\nE-mail: consolato.nizza@esteri.it<br \/>\nSito Internet:\u00a0<a href=\"http:\/\/www.consnizza.esteri.it\/\">www.consnizza.esteri.it<\/a><br \/>\n<strong>Circoscrizione consolare<\/strong>: Alpes-de-Haute-Provence, Hautes-Alpes, Alpes-Maritimes.<\/p>\n<p><strong>LILLA<\/strong><br \/>\nCONSOLATO DI\u00a0PRIMA CLASSE:\u00a0<strong>CHIUSO DAL 1\u00b0 LUGLIO 2011.<\/strong><br \/>\n<strong>Circoscrizione consolare<\/strong>: Aisne, Nord, Pas-de-Calais, Somme.<br \/>\nPer questi dipartimenti contattare il Consolato Generale d&#8217;Italia a Parigi.<\/p>\n<p><strong>TOLOSA<br \/>\n<em>CONSOLATO DI PRIMA CLASSE CHIUSO DAL 27 NOVEMBRE 2013<\/em><\/strong><br \/>\nNel quadro di un piano di riorganizzazione ed ammodernamento della rete diplomatico-<em>consolare italiana, deciso dal Ministero degli Affari Esteri anche per rispondere ad imperative norme di legge sul contenimento della spesa della Pubblica Amministrazione, e&#8217; stata disposta la chiusura del Consolato d&#8217;Italia in Tolosa, a partire dal\u00a027 novembre 2013. E&#8217; successivamente prevista, appena ne sar\u00e0 completato l&#8217;allestimento, l&#8217;apertura di uno sportello consolare a Tolosa.<br \/>\n<strong>Dal 2 dicembre 2013, le competenze relative alla circoscrizione di Tolosa saranno esercitate dal Consolato Generale d\u2019Italia in Marsiglia<\/strong>, che dalla stessa data potr\u00e0 ricevere &#8211; preferibilmente via e-mail all\u2019indirizzo consolato.marsiglia@esteri.it , ovvero al numero di telefono 04.91.18.49.18 &#8211; le rispettive richieste dell&#8217;utenza.<br \/>\n<\/em><strong><br \/>\nLa Circoscrizione consolare di Tolosa\u00a0fa parte ora della circoscrizione del\u00a0Consolato Generale d&#8217;Italia a Marsiglia<\/strong>: Ari\u00e8ge, Aveyron, Charente, Charente-Maritime, Deux-S\u00e8vres, Dordogne, Gers, Gironde, Haute-Garonne, Hautes-Pyr\u00e9n\u00e9es, Landes, Lot, Lot-et-Garonne, Pyr\u00e9n\u00e9es-Atlantiques, Tarn, Tarn-et-Garonne, Vienne.<\/p>\n<p><strong>BASTIA<\/strong><br \/>\n<strong><em>A seguito della ristrutturazione della rete all&#8217;estero, in data 31 ottobre 2007 \u00e8 stato soppresso il Consolato d&#8217;Italia in Bastia, attribuendo le competenze al Consolato Generale d&#8217;Italia a Marsiglia ed istituendo uno &#8220;Sportello Consolare Permanente&#8221; a Bastia. www.consmarsiglia.esteri.it<br \/>\n<\/em>Circoscrizione consolare<\/strong>: Corse-du-Sud, Haute-Corse.<\/p>\n<p><strong>CHAMBERY<\/strong><br \/>\n<strong><em>In data 30 novembre 2008 ha avuto luogo la chiusura del Consolato d&#8217;Italia in Chamb\u00e9ry. Dal 1 dicembre 2008 i Dipartimenti della Savoia e Alta Savoia rientrano nella giurisdizione del Consolato Generale d&#8217;Italia in Lione.<br \/>\nA Chamb\u00e9ry, nella ex sede del Consolato, al n. 12, Boulevard de L\u00e9menc, e&#8217; operativo uno Sportello di questo Consolato Generale.<br \/>\nL&#8217;orario di apertura al pubblico sara&#8217; il seguente:<br \/>\ndal lunedi al venerdi \u2192 dalle 9:00 alle 12:00<br \/>\nil martedi \u2192 dalle 15:00 alle 16:30<br \/>\n<\/em>Circoscrizione consolare<\/strong>: Haute-Savoie, Savoie.<\/p>\n<p><strong>MULHOUSE<br \/>\nCONSOLATO CHIUSO DAL 1\u00b0 LUGLIO 2010.<br \/>\n<\/strong>A seguito della chiusura del Consolato di Mulhouse In data 1\u00b0 Luglio 2010<br \/>\nil Dipartimento dell\u2019Alto Reno (68) e il Territorio di Belfort (90) sono rientrati nella giurisdizione del Consolato Generale d&#8217;Italia a Metz..<br \/>\nE\u2019 operativo uno\u00a0<strong>sportello consolare<\/strong>\u00a0del Consolato Generale d\u2019Italia a Metz, a Mulhouse, al seguente indirizzo:<br \/>\n<strong>33, Grand Rue &#8211; F.68100 MULHOUSE<\/strong><\/p>\n<p><strong>Tel. 0033 (0) 3 89 66 41 11<\/strong><\/p>\n<p>E-mail:\u00a0<a href=\"mailto:sportello.mulhouse@esteri.it\">sportello.mulhouse@esteri.it<\/a><\/p>\n<p>Lo sportello consolare di Mulhouse riceve solo su appuntamento (per prendere appuntamento\u00a0<a href=\"https:\/\/consmetz.esteri.it\/Consolato_Metz\/it\/i_servizi\/per_i_cittadini\/prenota-online-istruzioni-e-link.html\">clicca qui<\/a>)<\/p>\n<p>&nbsp;<\/p>\n","protected":false},"excerpt":{"rendered":"CARTA DI FRANCIA CON LE DELIMITAZIONI GEOGRAFICHE DELLE CIRCOSCRIZIONI CONSOLARI ITALIANE &nbsp; LE RAPPRESENTANZE CONSOLARI ITALIANE IN FRANCIA PARIGI CONSOLATO GENERALE \u00a0DI\u00a0\u00a0PRIMA CLASSE 5, Boulevard Emile Augier &#8211; 75016 PARIS Tel. 00.33 (0) 1 44 30 47 00 Fax 01 45 25 87 50 E-mail consolato.parigi@esteri.it Sito Internet: www.consparigi.esteri.it Circoscrizione consolare: Calvados, Cher, C\u00f4te-d&#8217;Or, C\u00f4tes-du-Nord, [&hellip;]","protected":false},"author":3,"featured_media":0,"parent":11,"menu_order":10,"comment_status":"closed","ping_status":"closed","template":"","meta":{"footnotes":""},"class_list":["post-69","page","type-page","status-publish","hentry"],"_links":{"self":[{"href":"https:\/\/consmetz.esteri.it\/it\/wp-json\/wp\/v2\/pages\/69","targetHints":{"allow":["GET"]}}],"collection":[{"href":"https:\/\/consmetz.esteri.it\/it\/wp-json\/wp\/v2\/pages"}],"about":[{"href":"https:\/\/consmetz.esteri.it\/it\/wp-json\/wp\/v2\/types\/page"}],"author":[{"embeddable":true,"href":"https:\/\/consmetz.esteri.it\/it\/wp-json\/wp\/v2\/users\/3"}],"replies":[{"embeddable":true,"href":"https:\/\/consmetz.esteri.it\/it\/wp-json\/wp\/v2\/comments?post=69"}],"version-history":[{"count":0,"href":"https:\/\/consmetz.esteri.it\/it\/wp-json\/wp\/v2\/pages\/69\/revisions"}],"up":[{"embeddable":true,"href":"https:\/\/consmetz.esteri.it\/it\/wp-json\/wp\/v2\/pages\/11"}],"wp:attachment":[{"href":"https:\/\/consmetz.esteri.it\/it\/wp-json\/wp\/v2\/media?parent=69"}],"curies":[{"name":"wp","href":"https:\/\/api.w.org\/{rel}","templated":true}]}}