{"id":72,"date":"2023-01-30T12:33:03","date_gmt":"2023-01-30T11:33:03","guid":{"rendered":"https:\/\/consmetz.esteri.it\/?page_id=72"},"modified":"2025-02-14T11:56:07","modified_gmt":"2025-02-14T10:56:07","slug":"servizi-per-il-cittadino-italiano","status":"publish","type":"page","link":"https:\/\/consmetz.esteri.it\/it\/servizi-consolari-e-visti\/servizi-per-il-cittadino-italiano\/","title":{"rendered":"Servizi per il cittadino italiano"},"content":{"rendered":"<p>Il Consolato ha il compito di assicurare la tutela degli italiani all\u2019estero ed offre diversi servizi illustrati nel menu a destra (o in basso, per chi naviga sul cellulare).<\/p>\n<p>I servizi devono essere forniti secondo principi di eguaglianza, imparzialit\u00e0, efficienza e trasparenza avendo come obiettivo la tutela dei cittadini italiani rispetto ai diritti fondamentali ed alla libert\u00e0 personale. La tutela riguarda, ad esempio, i casi di decesso, incidente, malattia grave, arresto o detenzione, atti di violenza, assistenza in caso di crisi gravi (catastrofi naturali, disordini civili, conflitti armati, ecc.), rilascio ai cittadini non residenti di documenti di viaggio d\u2019emergenza causa perdita o furto del passaporto.<\/p>\n<p>Per assicurare l\u2019effettivo rispetto dei principi richiamati,\u00a0l\u2019accesso agli sportelli avviene mediante un sistema di prenotazione online raggiungibile dalla home page.<\/p>\n<p>Poich\u00e9 la collettivit\u00e0 residente \u00e8 particolarmente numerosa, le prenotazioni per alcuni servizi, quali ad esempio l\u2019emissione del passaporto, in\u00a0determinati periodi dell\u2019anno,\u00a0si saturano in breve tempo.<\/p>\n<p>&nbsp;<\/p>\n","protected":false},"excerpt":{"rendered":"Il Consolato ha il compito di assicurare la tutela degli italiani all\u2019estero ed offre diversi servizi illustrati nel menu a destra (o in basso, per chi naviga sul cellulare). I servizi devono essere forniti secondo principi di eguaglianza, imparzialit\u00e0, efficienza e trasparenza avendo come obiettivo la tutela dei cittadini italiani rispetto ai diritti fondamentali ed [&hellip;]","protected":false},"author":3,"featured_media":0,"parent":15,"menu_order":0,"comment_status":"closed","ping_status":"closed","template":"","meta":{"footnotes":""},"class_list":["post-72","page","type-page","status-publish","hentry"],"_links":{"self":[{"href":"https:\/\/consmetz.esteri.it\/it\/wp-json\/wp\/v2\/pages\/72","targetHints":{"allow":["GET"]}}],"collection":[{"href":"https:\/\/consmetz.esteri.it\/it\/wp-json\/wp\/v2\/pages"}],"about":[{"href":"https:\/\/consmetz.esteri.it\/it\/wp-json\/wp\/v2\/types\/page"}],"author":[{"embeddable":true,"href":"https:\/\/consmetz.esteri.it\/it\/wp-json\/wp\/v2\/users\/3"}],"replies":[{"embeddable":true,"href":"https:\/\/consmetz.esteri.it\/it\/wp-json\/wp\/v2\/comments?post=72"}],"version-history":[{"count":3,"href":"https:\/\/consmetz.esteri.it\/it\/wp-json\/wp\/v2\/pages\/72\/revisions"}],"predecessor-version":[{"id":4459,"href":"https:\/\/consmetz.esteri.it\/it\/wp-json\/wp\/v2\/pages\/72\/revisions\/4459"}],"up":[{"embeddable":true,"href":"https:\/\/consmetz.esteri.it\/it\/wp-json\/wp\/v2\/pages\/15"}],"wp:attachment":[{"href":"https:\/\/consmetz.esteri.it\/it\/wp-json\/wp\/v2\/media?parent=72"}],"curies":[{"name":"wp","href":"https:\/\/api.w.org\/{rel}","templated":true}]}}