{"id":983,"date":"2023-06-01T13:04:14","date_gmt":"2023-06-01T11:04:14","guid":{"rendered":"https:\/\/consmetz.esteri.it\/?page_id=983"},"modified":"2023-12-21T16:51:05","modified_gmt":"2023-12-21T15:51:05","slug":"bandi-di-gara-e-contratti","status":"publish","type":"page","link":"https:\/\/consmetz.esteri.it\/it\/amministrazione-trasparente\/bandi-di-gara-e-contratti\/","title":{"rendered":"Bandi di gara e contratti"},"content":{"rendered":"<h3>2023<\/h3>\n<ul>\n<li><a class=\"focus--mouse\" href=\"https:\/\/www.esteri.it\/it\/trasparenza_comunicazioni_legali\/bandi-gara-contratti\/informazioni-sulle-singole-procedure\/?vpdf=proc&amp;d=FRANCIA%20METZ%20CG&amp;a=2023&amp;l=E&amp;t=xls\" target=\"_blank\" rel=\"noopener\" data-focus-mouse=\"true\">Informazioni sulle singole procedure in formato tabellare<\/a><br \/>\n\u201cGli atti relativi alle singole procedure sono disponibili sul portale trasparenza del Ministero degli Affari Esteri e della Cooperazione internazionale (<a href=\"https:\/\/www.esteri.it\/it\/trasparenza_comunicazioni_legali\/bandi-gara-contratti\/informazioni-sulle-singole-procedure\/?vpdf=proc&amp;d=FRANCIA%20METZ%20CG&amp;a=2023&amp;l=E&amp;t=cig&amp;d=FRANCIA%20METZ%20CG\" target=\"_blank\" rel=\"noopener\">LINK<\/a>)\u201d<\/li>\n<\/ul>\n<h3>2022<\/h3>\n<p>\u00c8 stato pubblicato sulla Gazzetta ufficiale dell\u2019Unione europea, in data 10\/6\/2022, il bando di gara per il servizio di digitalizzazione degli archivi dei Consolati Generali presenti in Francia.<\/p>\n<p>Le imprese interessate possono prendere visione dei documenti di gara al seguente link: <a href=\"https:\/\/ambparigi.esteri.it\/ambasciata_parigi\/it\/trasparenza-merito\/bandi-di-gara-e-contratti-ex-art.html\">https:\/\/ambparigi.esteri.it\/ambasciata_parigi\/it\/trasparenza-merito\/bandi-di-gara-e-contratti-ex-art.html<\/a>.<\/p>\n<p>L&#8217;appel d&#8217;offres pour le service de num\u00e9risation des archives des Consulats g\u00e9n\u00e9raux sis en France a \u00e9t\u00e9 publi\u00e9 au Journal officiel de l&#8217;Union europ\u00e9enne le 10\/6\/2022.<\/p>\n<p>Les entreprises int\u00e9ress\u00e9es peuvent consulter les documents de l\u2019appel d&#8217;offres au lien suivant : <a href=\"https:\/\/ambparigi.esteri.it\/ambasciata_parigi\/it\/trasparenza-merito\/bandi-di-gara-e-contratti-ex-art.html\">https:\/\/ambparigi.esteri.it\/ambasciata_parigi\/it\/trasparenza-merito\/bandi-di-gara-e-contratti-ex-art.html<\/a>.<\/p>\n","protected":false},"excerpt":{"rendered":"2023 Informazioni sulle singole procedure in formato tabellare \u201cGli atti relativi alle singole procedure sono disponibili sul portale trasparenza del Ministero degli Affari Esteri e della Cooperazione internazionale (LINK)\u201d 2022 \u00c8 stato pubblicato sulla Gazzetta ufficiale dell\u2019Unione europea, in data 10\/6\/2022, il bando di gara per il servizio di digitalizzazione degli archivi dei Consolati Generali [&hellip;]","protected":false},"author":1,"featured_media":0,"parent":963,"menu_order":10,"comment_status":"closed","ping_status":"closed","template":"","meta":{"footnotes":""},"class_list":["post-983","page","type-page","status-publish","hentry"],"_links":{"self":[{"href":"https:\/\/consmetz.esteri.it\/it\/wp-json\/wp\/v2\/pages\/983","targetHints":{"allow":["GET"]}}],"collection":[{"href":"https:\/\/consmetz.esteri.it\/it\/wp-json\/wp\/v2\/pages"}],"about":[{"href":"https:\/\/consmetz.esteri.it\/it\/wp-json\/wp\/v2\/types\/page"}],"author":[{"embeddable":true,"href":"https:\/\/consmetz.esteri.it\/it\/wp-json\/wp\/v2\/users\/1"}],"replies":[{"embeddable":true,"href":"https:\/\/consmetz.esteri.it\/it\/wp-json\/wp\/v2\/comments?post=983"}],"version-history":[{"count":1,"href":"https:\/\/consmetz.esteri.it\/it\/wp-json\/wp\/v2\/pages\/983\/revisions"}],"predecessor-version":[{"id":2521,"href":"https:\/\/consmetz.esteri.it\/it\/wp-json\/wp\/v2\/pages\/983\/revisions\/2521"}],"up":[{"embeddable":true,"href":"https:\/\/consmetz.esteri.it\/it\/wp-json\/wp\/v2\/pages\/963"}],"wp:attachment":[{"href":"https:\/\/consmetz.esteri.it\/it\/wp-json\/wp\/v2\/media?parent=983"}],"curies":[{"name":"wp","href":"https:\/\/api.w.org\/{rel}","templated":true}]}}